{"id":28663,"date":"2023-07-19T15:06:46","date_gmt":"2023-07-19T15:06:46","guid":{"rendered":"https:\/\/dev21.cash-depot.ca\/?page_id=28663"},"modified":"2023-07-19T15:16:44","modified_gmt":"2023-07-19T15:16:44","slug":"conditions-utilisation","status":"publish","type":"page","link":"https:\/\/dev21.cash-depot.ca\/fr\/conditions-utilisation\/","title":{"rendered":"Conditions d\u2019Utilisation"},"content":{"rendered":"<p>[et_pb_section fb_built=&#8221;1&#8243; _builder_version=&#8221;4.16&#8243; _module_preset=&#8221;default&#8221; background_image=&#8221;http:\/\/dev21.cash-depot.ca\/wp-content\/uploads\/2020\/12\/tcs.jpg&#8221; custom_padding=&#8221;100px||100px||true|false&#8221; global_colors_info=&#8221;{}&#8221;][et_pb_row _builder_version=&#8221;4.16&#8243; _module_preset=&#8221;default&#8221; hover_enabled=&#8221;0&#8243; global_colors_info=&#8221;{}&#8221; sticky_enabled=&#8221;0&#8243;][et_pb_column type=&#8221;4_4&#8243; _builder_version=&#8221;4.16&#8243; _module_preset=&#8221;default&#8221; global_colors_info=&#8221;{}&#8221;][et_pb_text _builder_version=&#8221;4.16&#8243; _module_preset=&#8221;default&#8221; header_font=&#8221;Poppins||||||||&#8221; header_text_color=&#8221;#000000&#8243; header_font_size=&#8221;40px&#8221; global_colors_info=&#8221;{}&#8221;]<\/p>\n<h1>Conditions d&#8217;Utilisation<\/h1>\n<p>[\/et_pb_text][\/et_pb_column][\/et_pb_row][\/et_pb_section][et_pb_section fb_built=&#8221;1&#8243; _builder_version=&#8221;4.16&#8243; _module_preset=&#8221;default&#8221; global_colors_info=&#8221;{}&#8221;][et_pb_row _builder_version=&#8221;4.16&#8243; _module_preset=&#8221;default&#8221; global_colors_info=&#8221;{}&#8221;][et_pb_column type=&#8221;4_4&#8243; _builder_version=&#8221;4.16&#8243; _module_preset=&#8221;default&#8221; global_colors_info=&#8221;{}&#8221;][et_pb_text _builder_version=&#8221;4.21.0&#8243; _module_preset=&#8221;default&#8221; hover_enabled=&#8221;0&#8243; global_colors_info=&#8221;{}&#8221; sticky_enabled=&#8221;0&#8243;]<\/p>\n<div class=\"spb_content_element col-sm-8 spb_text_column\">\n<div class=\"spb-asset-content\" style=\"margin-top: 0px; margin-bottom: 0px;\">\n<div class=\"spb_content_element col-sm-8 spb_text_column\">\n<div class=\"spb-asset-content\">\n<p><span style=\"font-weight: 400;\">Avis : Toutes les transactions effectu\u00e9es sur ce site sont consid\u00e9r\u00e9es comme ayant eu lieu \u00e0 notre bureau, quel que soit l&#8217;endroit o\u00f9 le site a pu \u00eatre consult\u00e9.<\/span><\/p>\n<p>&nbsp;<\/p>\n<p><span style=\"font-weight: 400;\">Avertissement : Un micro-pr\u00eat est con\u00e7u comme une solution financi\u00e8re \u00e0 court terme \u00e0 un probl\u00e8me \u00e0 court terme. Le premier pr\u00eat doit \u00eatre rembours\u00e9 en totalit\u00e9 avant qu&#8217;un nouveau pr\u00eat puisse \u00eatre \u00e9mis.<\/span><\/p>\n<p>&nbsp;<\/p>\n<p><span style=\"font-weight: 400;\">Termes et conditions : Dans cet Accord (&#8220;Accord&#8221;), les mots &#8220;vous ou votre&#8221; d\u00e9signent le client identifi\u00e9 en avant. Les mots &#8220;Nous&#8221;, &#8220;Notre&#8221; d\u00e9signent Cash-Depot.<\/span><\/p>\n<p>&nbsp;<\/p>\n<p><span style=\"font-weight: 400;\">Acceptation &#8211; Tel que stipul\u00e9 ici, vous acceptez les termes et conditions d\u00e9taill\u00e9s dans cet Accord en nous autorisant \u00e0 d\u00e9biter votre compte bancaire lorsque votre pr\u00eat arrive \u00e0 \u00e9ch\u00e9ance. Cet Accord est une confirmation de notre accord incluant les termes, qui \u00e9taient \u00e0 votre disposition par \u00e9crit dans notre bureau, sur notre site web situ\u00e9 \u00e0 Cash-Depot et verbalement de la part de l&#8217;un de nos op\u00e9rateurs avant la r\u00e9alisation de la transaction.<\/span><\/p>\n<p>&nbsp;<\/p>\n<p><span style=\"font-weight: 400;\">Pr\u00e9sentation \u00c9lectronique des Fonds &#8211; Vous acceptez la pr\u00e9sentation \u00e9lectronique par nous de tous les fonds dus et la repr\u00e9sentation de toutes les pr\u00e9sentations qui nous sont retourn\u00e9es pour une raison quelconque. Cette repr\u00e9sentation \u00e9lectronique peut \u00eatre inf\u00e9rieure au montant original que nous devons ou \u00e0 tous les incr\u00e9ments totalisant le montant d\u00fb, y compris les frais maximums admissibles pour fonds non suffisants factur\u00e9s par nous.<\/span><\/p>\n<p>&nbsp;<\/p>\n<p><span style=\"font-weight: 400;\">Action de Classe &#8211; Vous acceptez, dans la mesure permise par la loi, que vous n&#8217;intenterez pas, ne vous joindrez pas, ni ne participerez \u00e0 une action de classe ou \u00e0 une action multi-plainte concernant toute r\u00e9clamation, litige ou controverse que vous pourriez avoir contre Cash-Depot. Vous acceptez l&#8217;entr\u00e9e d&#8217;un all\u00e8gement injonctif pour arr\u00eater un tel proc\u00e8s ou pour vous retirer en tant que participant au proc\u00e8s. Cet accord ne constitue pas une renonciation \u00e0 aucun de vos droits et recours pour poursuivre une r\u00e9clamation individuellement comme d\u00e9crit ici.<\/span><\/p>\n<p>&nbsp;<\/p>\n<p><span style=\"font-weight: 400;\">Documentation &#8211; Vous acceptez que le courrier \u00e9lectronique, les formulaires \u00e9lectroniques, les enregistrements, les photocopies et\/ou les copies de t\u00e9l\u00e9copie des documents que vous soumettez sont valables et ex\u00e9cutoires comme l&#8217;original. De plus, vous acceptez que le consentement verbal en personne ou par t\u00e9l\u00e9phone, la saisie de votre nom comme votre signature \u00e9lectronique, ou toute autre mani\u00e8re ou m\u00e9thode d&#8217;acceptation comme d\u00e9crit ici constitue une acceptation de tous les termes et conditions de l&#8217;Accord qui sera consid\u00e9r\u00e9 comme valide et contraignant pour toutes les parties \u00e0 cet Accord.<\/span><\/p>\n<p>&nbsp;<\/p>\n<p><span style=\"font-weight: 400;\">Signature \u00c9lectronique\/Consentement Verbal &#8211; En acceptant cette application, vous comprenez et acceptez tous les termes et conditions de cet Accord et en soumettant l&#8217;application en ligne par Internet ou par t\u00e9l\u00e9phone, vous demandez un micro-pr\u00eat et certifiez que les informations fournies par vous sont vraies et correctes sous peine de parjure. Vous acceptez qu&#8217;en soumettant votre signature \u00e9lectronique ou votre consentement verbal par t\u00e9l\u00e9phone, vous n&#8217;\u00eates pas actuellement impliqu\u00e9 dans, ou envisagez la faillite maintenant ou dans le futur. Vous nous autorisez \u00e0 v\u00e9rifier les informations dans cette demande et donnez par la pr\u00e9sente \u00e0 Cash-Depot, le consentement pour obtenir des informations sur vous aupr\u00e8s d&#8217;une agence d&#8217;\u00e9valuation du cr\u00e9dit ou par d&#8217;autres moyens disponibles. Vous comprenez que Cash-Depot, se r\u00e9serve le droit de refuser un demandeur \u00e0 tout moment, avec cause d\u00e9termin\u00e9e par le jugement du risque, apr\u00e8s l&#8217;ach\u00e8vement de la diligence raisonnable du demandeur. Pour traiter cette demande, vous comprenez que la v\u00e9rification des informations que vous avez fournies est n\u00e9cessaire, y compris, mais sans s&#8217;y limiter, la v\u00e9rification de l&#8217;emploi et du compte bancaire. Vous acceptez la responsabilit\u00e9 personnelle de la sauvegarde de tout NIP ou NUM\u00c9RO DE CLIENT qui pourrait vous \u00eatre attribu\u00e9.<\/span><\/p>\n<\/div>\n<\/div>\n<\/div>\n<\/div>\n<p><quillbot-extension-portal><\/quillbot-extension-portal><\/p>\n<p>[\/et_pb_text][\/et_pb_column][\/et_pb_row][\/et_pb_section]<\/p>\n<div style='text-align:left' class='yasr-auto-insert-visitor'><!--Yasr Visitor Votes Shortcode--><div id='yasr_visitor_votes_d6a61edf81f89' class='yasr-visitor-votes'><div class=\"yasr-custom-text-vv-before yasr-custom-text-vv-before-28663\">Click to rate this post!<\/div><div id='yasr-vv-second-row-container-d6a61edf81f89'\r\n                                        class='yasr-vv-second-row-container'><div id='yasr-visitor-votes-rater-d6a61edf81f89'\r\n                                      class='yasr-rater-stars-vv'\r\n                                      data-rater-postid='28663'\r\n                                      data-rating='0'\r\n                                      data-rater-starsize='32'\r\n                                      data-rater-readonly='false'\r\n                                      data-rater-nonce='2bc07246fe'\r\n                                      data-issingular='false'\r\n                                    ><\/div><div class=\"yasr-vv-stats-text-container\" id=\"yasr-vv-stats-text-container-d6a61edf81f89\"><svg xmlns=\"https:\/\/www.w3.org\/2000\/svg\" width=\"20\" height=\"20\"\r\n                                   class=\"yasr-dashicons-visitor-stats\"\r\n                                   data-postid=\"28663\"\r\n                                   id=\"yasr-stats-dashicon-d6a61edf81f89\">\r\n                                   <path d=\"M18 18v-16h-4v16h4zM12 18v-11h-4v11h4zM6 18v-8h-4v8h4z\"><\/path>\r\n                               <\/svg><span id=\"yasr-vv-text-container-d6a61edf81f89\" class=\"yasr-vv-text-container\">[Total: <span id=\"yasr-vv-votes-number-container-d6a61edf81f89\">0<\/span>  Average: <span id=\"yasr-vv-average-container-d6a61edf81f89\">0<\/span>]<\/span><\/div><div id='yasr-vv-loader-d6a61edf81f89' class='yasr-vv-container-loader'><\/div><\/div><div id='yasr-vv-bottom-container-d6a61edf81f89' class='yasr-vv-bottom-container'><\/div><\/div><!--End Yasr Visitor Votes Shortcode--><\/div>","protected":false},"excerpt":{"rendered":"<p>Conditions d&#8217;Utilisation Avis : Toutes les transactions effectu\u00e9es sur ce site sont consid\u00e9r\u00e9es comme ayant eu lieu \u00e0 notre bureau, quel que soit l&#8217;endroit o\u00f9 le site a pu \u00eatre consult\u00e9. &nbsp; Avertissement : Un micro-pr\u00eat est con\u00e7u comme une solution financi\u00e8re \u00e0 court terme \u00e0 un probl\u00e8me \u00e0 court terme. Le premier pr\u00eat doit [&hellip;]<\/p>\n","protected":false},"author":5,"featured_media":0,"parent":0,"menu_order":0,"comment_status":"closed","ping_status":"closed","template":"","meta":{"_et_pb_use_builder":"on","_et_pb_old_content":"","_et_gb_content_width":"","yasr_overall_rating":0,"yasr_post_is_review":"","yasr_auto_insert_disabled":"","yasr_review_type":"","footnotes":""},"yasr_visitor_votes":{"stars_attributes":{"read_only":false,"span_bottom":false},"number_of_votes":0,"sum_votes":0},"_links":{"self":[{"href":"https:\/\/dev21.cash-depot.ca\/fr\/wp-json\/wp\/v2\/pages\/28663"}],"collection":[{"href":"https:\/\/dev21.cash-depot.ca\/fr\/wp-json\/wp\/v2\/pages"}],"about":[{"href":"https:\/\/dev21.cash-depot.ca\/fr\/wp-json\/wp\/v2\/types\/page"}],"author":[{"embeddable":true,"href":"https:\/\/dev21.cash-depot.ca\/fr\/wp-json\/wp\/v2\/users\/5"}],"replies":[{"embeddable":true,"href":"https:\/\/dev21.cash-depot.ca\/fr\/wp-json\/wp\/v2\/comments?post=28663"}],"version-history":[{"count":2,"href":"https:\/\/dev21.cash-depot.ca\/fr\/wp-json\/wp\/v2\/pages\/28663\/revisions"}],"predecessor-version":[{"id":28668,"href":"https:\/\/dev21.cash-depot.ca\/fr\/wp-json\/wp\/v2\/pages\/28663\/revisions\/28668"}],"wp:attachment":[{"href":"https:\/\/dev21.cash-depot.ca\/fr\/wp-json\/wp\/v2\/media?parent=28663"}],"curies":[{"name":"wp","href":"https:\/\/api.w.org\/{rel}","templated":true}]}}