{"id":24089,"date":"2021-07-22T13:28:02","date_gmt":"2021-07-22T13:28:02","guid":{"rendered":"https:\/\/dev21.cash-depot.ca\/?page_id=24089"},"modified":"2021-07-22T13:32:08","modified_gmt":"2021-07-22T13:32:08","slug":"pret-argent-gatineau","status":"publish","type":"page","link":"https:\/\/dev21.cash-depot.ca\/fr\/pret-argent-gatineau\/","title":{"rendered":"Pr\u00eat d\u2019argent \u00e0 Gatineau"},"content":{"rendered":"<p>[et_pb_section fb_built=&#8221;1&#8243; _builder_version=&#8221;4.9.7&#8243; _module_preset=&#8221;default&#8221; background_image=&#8221;http:\/\/dev21.cash-depot.ca\/wp-content\/uploads\/2021\/07\/pret-argent-gatineau.jpg&#8221; custom_padding=&#8221;100px||100px||true|false&#8221; hover_enabled=&#8221;0&#8243; sticky_enabled=&#8221;0&#8243;][et_pb_row _builder_version=&#8221;4.7.7&#8243; _module_preset=&#8221;default&#8221;][et_pb_column type=&#8221;4_4&#8243; _builder_version=&#8221;4.7.7&#8243; _module_preset=&#8221;default&#8221;][et_pb_text _builder_version=&#8221;4.9.7&#8243; _module_preset=&#8221;default&#8221; header_font=&#8221;Poppins||||||||&#8221; header_text_color=&#8221;#000000&#8243; header_font_size=&#8221;40px&#8221; header_line_height=&#8221;1.2em&#8221; header_text_shadow_style=&#8221;preset3&#8243; header_text_shadow_color=&#8221;#ffffff&#8221;]<\/p>\n<h1>Pr&ecirc;t d&rsquo;argent &agrave; Gatineau<\/h1>\n<p>[\/et_pb_text][\/et_pb_column][\/et_pb_row][\/et_pb_section][et_pb_section fb_built=&#8221;1&#8243; _builder_version=&#8221;4.9.7&#8243; _module_preset=&#8221;default&#8221; custom_padding=&#8221;20px||20px||true|false&#8221; hover_enabled=&#8221;0&#8243; background_color=&#8221;#333333&#8243; sticky_enabled=&#8221;0&#8243;][et_pb_row _builder_version=&#8221;4.7.7&#8243; _module_preset=&#8221;default&#8221;][et_pb_column type=&#8221;4_4&#8243; _builder_version=&#8221;4.7.7&#8243; _module_preset=&#8221;default&#8221;][et_pb_text _builder_version=&#8221;4.9.7&#8243; _module_preset=&#8221;default&#8221; text_text_color=&#8221;#FFFFFF&#8221; text_font_size=&#8221;26px&#8221; text_line_height=&#8221;1.3em&#8221; header_2_font=&#8221;Poppins||||||||&#8221; header_3_font=&#8221;|700|||||||&#8221; hover_enabled=&#8221;0&#8243; text_font=&#8221;Poppins||||||||&#8221; sticky_enabled=&#8221;0&#8243;]<\/p>\n<p>Vous avez besoin d\u2019un pr\u00eat d\u2019argent \u00e0 Gatineau? Faites appel \u00e0 notre entreprise d\u00e8s maintenant. Nos pr\u00eats sont <strong>octroy\u00e9s en 24 heures <\/strong>et <strong>aucune enqu\u00eate de cr\u00e9dit n&#8217;est n\u00e9cessaire<\/strong>. Cash D\u00e9p\u00f4t offre des pr\u00eats personnels dont le montant varie entre 300 et 3000 dollars. D\u00e9couvrez les diff\u00e9rents services que nous offrons.<\/p>\n<p>[\/et_pb_text][et_pb_button button_url=&#8221;https:\/\/dev21.cash-depot.ca\/fr\/demande-en-ligne\/&#8221; button_text=&#8221;POSTULER MAINTENANT&#8221; _builder_version=&#8221;4.9.7&#8243; _module_preset=&#8221;default&#8221; custom_button=&#8221;on&#8221; button_text_color=&#8221;#ffffff&#8221; button_bg_color=&#8221;#1e5502&#8243; button_border_width=&#8221;0px&#8221; hover_enabled=&#8221;0&#8243; sticky_enabled=&#8221;0&#8243;][\/et_pb_button][\/et_pb_column][\/et_pb_row][\/et_pb_section][et_pb_section fb_built=&#8221;1&#8243; _builder_version=&#8221;4.7.7&#8243; _module_preset=&#8221;default&#8221; background_color=&#8221;#efefef&#8221;][et_pb_row column_structure=&#8221;1_2,1_2&#8243; _builder_version=&#8221;4.7.7&#8243; _module_preset=&#8221;default&#8221;][et_pb_column type=&#8221;1_2&#8243; _builder_version=&#8221;4.7.7&#8243; _module_preset=&#8221;default&#8221;][et_pb_text _builder_version=&#8221;4.9.7&#8243; _module_preset=&#8221;default&#8221; header_3_font=&#8221;|700|||||||&#8221; hover_enabled=&#8221;0&#8243; sticky_enabled=&#8221;0&#8243;]<\/p>\n<h2><strong>Pr\u00eat d\u2019argent rapide \u00e0 Gatineau<\/strong><\/h2>\n<p>Pour n\u2019importe quelle raison, il se peut que vous ayez besoin d\u2019argent rapidement pour faire face \u00e0 <strong>des d\u00e9penses impr\u00e9vues et urgentes<\/strong>. Il peut s\u2019agir, par exemple, d\u2019une vitre cass\u00e9e, d\u2019un moteur qui ne fonctionne plus ou d\u2019un solde de carte de cr\u00e9dit \u00e0 rembourser le plus vite possible.<\/p>\n<p>Faites appel \u00e0 Cash D\u00e9p\u00f4t d\u00e8s maintenant <a href=\"https:\/\/dev21.cash-depot.ca\/fr\/pret-argent-rapide\/\">pour un pr\u00eat d\u2019argent rapide<\/a> \u00e0 Gatineau. Vous recevrez votre argent <strong>la journ\u00e9e m\u00eame<\/strong> ou dans <strong>un d\u00e9lai de 24 heures<\/strong>. Vous n\u2019avez qu\u2019\u00e0 prendre que quelques minutes pour remplir le formulaire en ligne.[\/et_pb_text][\/et_pb_column][et_pb_column type=&#8221;1_2&#8243; _builder_version=&#8221;4.7.7&#8243; _module_preset=&#8221;default&#8221;][et_pb_text _builder_version=&#8221;4.9.7&#8243; _module_preset=&#8221;default&#8221; header_3_font=&#8221;|700|||||||&#8221;]<\/p>\n<h2><strong>Avance de paie \u00e0 Gatineau<\/strong><\/h2>\n<p>Vous avez besoin d&rsquo;argent dans les meilleurs d&eacute;lais pour <strong>une situation d&rsquo;urgence &agrave; court terme<\/strong>? Les institutions financi&egrave;res prennent g&eacute;n&eacute;ralement environ 2 semaines avant d&rsquo;octroyer un pr&ecirc;t. Nos pr&ecirc;teurs priv&eacute;s peuvent <a href=\"https:\/\/dev21.cash-depot.ca\/fr\/avance-de-fonds\/\">vous octroyer une avance de paie<\/a> &agrave; Gatineau la journ&eacute;e m&ecirc;me, et ce, peu importe votre situation financi&egrave;re. Les montants des pr&ecirc;ts varient <strong>entre 300 et 3000 dollars<\/strong>. <\/p>\n<p>[\/et_pb_text][\/et_pb_column][\/et_pb_row][\/et_pb_section][et_pb_section fb_built=&#8221;1&#8243; _builder_version=&#8221;4.7.7&#8243; _module_preset=&#8221;default&#8221; background_enable_color=&#8221;off&#8221;][et_pb_row column_structure=&#8221;1_2,1_2&#8243; _builder_version=&#8221;4.7.7&#8243; _module_preset=&#8221;default&#8221;][et_pb_column type=&#8221;1_2&#8243; _builder_version=&#8221;4.7.7&#8243; _module_preset=&#8221;default&#8221;][et_pb_text _builder_version=&#8221;4.9.7&#8243; _module_preset=&#8221;default&#8221; header_3_font=&#8221;|700|||||||&#8221;]<\/p>\n<h2><strong>Pr\u00eat pour mauvais cr\u00e9dit<\/strong><\/h2>\n<p>Avant d\u2019accorder un pr\u00eat, les institutions financi\u00e8res prennent le temps <a href=\"https:\/\/www.canada.ca\/fr\/agence-consommation-matiere-financiere\/services\/dossier-pointage-credit\/information-dossier-credit.html\" target=\"_blank\" rel=\"noopener\">de faire une enqu\u00eate sur votre dossier de cr\u00e9dit<\/a>. Celles-ci d\u00e9terminent <strong>votre capacit\u00e9 de payer et de rembourser votre pr\u00eat<\/strong>. Une mauvaise cote de cr\u00e9dit peut donc grandement nuire \u00e0 vos chances d\u2019obtenir de l\u2019argent lorsque vous en avez le plus besoin.<\/p>\n<p>Heureusement, il est possible <a href=\"https:\/\/dev21.cash-depot.ca\/fr\/pret-mauvais-credit\/\">d&#8217;avoir acc\u00e8s \u00e0 un pr\u00eat pour mauvais cr\u00e9dit<\/a> en faisant appel \u00e0 Cash D\u00e9p\u00f4t. Ces pr\u00eats sont octroy\u00e9s sans qu\u2019une enqu\u00eate de cr\u00e9dit ne soit n\u00e9cessaire. Cela diminue donc le nombre de documents \u00e0 remettre avant d\u2019obtenir votre argent. Votre pr\u00eat sera \u00e9galement autoris\u00e9 dans <strong>des d\u00e9lais plus rapides<\/strong>.[\/et_pb_text][\/et_pb_column][et_pb_column type=&#8221;1_2&#8243; _builder_version=&#8221;4.7.7&#8243; _module_preset=&#8221;default&#8221;][et_pb_text _builder_version=&#8221;4.9.7&#8243; _module_preset=&#8221;default&#8221; header_3_font=&#8221;|700|||||||&#8221;]<\/p>\n<h2><strong>Pr\u00eat sur salaire \u00e0 Gatineau<\/strong><\/h2>\n<p>Vous pouvez &eacute;galement <a href=\"https:\/\/dev21.cash-depot.ca\/fr\/pret-sur-salaire\/\">demander un pr&ecirc;t sur salaire<\/a>, qui est un pr&ecirc;t qui se rembourse d&egrave;s que vous recevez votre prochaine paie. Contrairement aux institutions financi&egrave;res, nos pr&ecirc;teurs priv&eacute;s ne font pas d&rsquo;enqu&ecirc;te de cr&eacute;dit avant d&rsquo;octroyer un pr&ecirc;t. <strong>Votre cote de cr&eacute;dit n&rsquo;aura donc pas d&#8217;impact sur vos chances d&rsquo;obtenir de l&rsquo;argent<\/strong> quand vous en avez le plus besoin. Les d&eacute;lais sont extr&ecirc;mement rapides. Vous recevrez votre argent directement dans votre compte bancaire <strong>en moins de 24 heures<\/strong>. <\/p>\n<p>[\/et_pb_text][\/et_pb_column][\/et_pb_row][\/et_pb_section][et_pb_section fb_built=&#8221;1&#8243; _builder_version=&#8221;4.7.7&#8243; _module_preset=&#8221;default&#8221; background_color=&#8221;#efefef&#8221; custom_padding=&#8221;||0px|||&#8221;][et_pb_row _builder_version=&#8221;4.7.7&#8243; _module_preset=&#8221;default&#8221;][et_pb_column type=&#8221;4_4&#8243; _builder_version=&#8221;4.7.7&#8243; _module_preset=&#8221;default&#8221;][et_pb_text _builder_version=&#8221;4.9.7&#8243; _module_preset=&#8221;default&#8221; header_3_font=&#8221;|700|||||||&#8221;]<\/p>\n<h2 ><strong>Quels sont les crit\u00e8res pour acc\u00e9der \u00e0 un pr\u00eat d\u2019argent \u00e0 Gatineau ? <\/strong><\/h2>\n<p>Pour avoir acc&egrave;s &agrave; un pr&ecirc;t avec Cash D&eacute;p&ocirc;t, vous devez<strong> habiter &agrave; la m&ecirc;me adresse<\/strong> et <strong>occuper un emploi &agrave; temps plein durant six mois au minimum<\/strong>. Vous devez &eacute;galement <strong>ne pas &ecirc;tre insolvable<\/strong> ou en situation de faillite. <\/p>\n<p>[\/et_pb_text][\/et_pb_column][\/et_pb_row][et_pb_row column_structure=&#8221;1_3,1_3,1_3&#8243; _builder_version=&#8221;4.7.7&#8243; _module_preset=&#8221;default&#8221;][et_pb_column type=&#8221;1_3&#8243; _builder_version=&#8221;4.7.7&#8243; _module_preset=&#8221;default&#8221;][et_pb_text _builder_version=&#8221;4.9.7&#8243; _module_preset=&#8221;default&#8221; header_3_font=&#8221;|700|||||||&#8221;]<\/p>\n<h2><strong>Comment faire sa demande de pr\u00eat d\u2019argent \u00e0 Gatineau ?<\/strong><\/h2>\n<p>Pour compl&eacute;ter votre demande, vous n&#8217;avez qu&rsquo;&agrave; prendre quelques minutes <a href=\"https:\/\/dev21.cash-depot.ca\/fr\/demande-en-ligne\/\">pour remplir notre formulaire en ligne<\/a>. Vous devez &eacute;galement nous faire parvenir ces documents pour d&eacute;montrer que vous correspondez &agrave; nos crit&egrave;res:&nbsp;<\/p>\n<ul>\n<li>Deux pi&egrave;ces d&rsquo;identit&eacute; avec photo;&nbsp;<\/li>\n<li>Une preuve d&rsquo;adresse;&nbsp;<\/li>\n<li>Une preuve du num&eacute;ro d&rsquo;assurance sociale;&nbsp;<\/li>\n<li>Sp&eacute;cimen de ch&egrave;que;&nbsp;<\/li>\n<li>Les 90 derniers jours de votre relev&eacute; bancaire;&nbsp;<\/li>\n<li>Vos deux derniers talons de paie. <\/li>\n<\/ul>\n<p>[\/et_pb_text][\/et_pb_column][et_pb_column type=&#8221;1_3&#8243; _builder_version=&#8221;4.7.7&#8243; _module_preset=&#8221;default&#8221;][et_pb_text _builder_version=&#8221;4.9.7&#8243; _module_preset=&#8221;default&#8221; header_3_font=&#8221;|700|||||||&#8221;]<\/p>\n<h2><strong>Comment rembourser son pr\u00eat? <\/strong><\/h2>\n<p>Le remboursement s&rsquo;effectue <strong>avec un taux d&rsquo;int&eacute;r&ecirc;t de 12%<\/strong>. En fonction de votre capacit&eacute; de remboursement, vous pouvez choisir de ne payer que les int&eacute;r&ecirc;ts lors de votre premi&egrave;re paie qui suit la demande de pr&ecirc;t. Vous pouvez &eacute;galement choisir de payer une partie du capital pour le diminuer. Finalement, la derni&egrave;re option qui s&rsquo;offre &agrave; vous est de payer l&rsquo;enti&egrave;ret&eacute; du capital et des int&eacute;r&ecirc;ts. <\/p>\n<p>[\/et_pb_text][\/et_pb_column][et_pb_column type=&#8221;1_3&#8243; _builder_version=&#8221;4.9.7&#8243; _module_preset=&#8221;default&#8221;][et_pb_text _builder_version=&#8221;4.9.7&#8243; _module_preset=&#8221;default&#8221; header_3_font=&#8221;|700|||||||&#8221;]<\/p>\n<h2><strong>Obtenez un pr\u00eat d\u2019argent \u00e0 Gatineau avec Cash D\u00e9p\u00f4t<br \/>\n<\/strong><\/h2>\n<p>Depuis de nombreuses ann&eacute;es, Cash D&eacute;p&ocirc;t se donne comme mission d&rsquo;aider les gens qui ont des probl&egrave;mes financiers en leur donnant acc&egrave;s &agrave; de l&rsquo;argent rapidement lorsqu&rsquo;ils en ont le plus besoin. Si vous avez besoin d&rsquo;un pr&ecirc;t d&rsquo;argent &agrave; Gatineau pour couvrir des d&eacute;penses impr&eacute;vues et urgentes, <strong>discutez avec nous d&egrave;s maintenant<\/strong>. Nous r&eacute;pondrons &agrave; toutes vos questions avec grand plaisir. <\/p>\n<p>[\/et_pb_text][\/et_pb_column][\/et_pb_row][\/et_pb_section][et_pb_section fb_built=&#8221;1&#8243; _builder_version=&#8221;4.7.7&#8243; _module_preset=&#8221;default&#8221; background_color=&#8221;#efefef&#8221; custom_padding=&#8221;0px|||||&#8221;][et_pb_row _builder_version=&#8221;4.7.7&#8243; _module_preset=&#8221;default&#8221; locked=&#8221;off&#8221;][et_pb_column type=&#8221;4_4&#8243; _builder_version=&#8221;4.7.7&#8243; _module_preset=&#8221;default&#8221;][et_pb_text _builder_version=&#8221;4.7.7&#8243; _module_preset=&#8221;default&#8221;]<\/p>\n<!--Yasr Visitor Votes Shortcode--><div id='yasr_visitor_votes_958a862ccf9a5' class='yasr-visitor-votes'><div class=\"yasr-custom-text-vv-before yasr-custom-text-vv-before-24089\">Click to rate this post!<\/div><div id='yasr-vv-second-row-container-958a862ccf9a5'\r\n                                        class='yasr-vv-second-row-container'><div id='yasr-visitor-votes-rater-958a862ccf9a5'\r\n                                      class='yasr-rater-stars-vv'\r\n                                      data-rater-postid='24089'\r\n                                      data-rating='5'\r\n                                      data-rater-starsize='32'\r\n                                      data-rater-readonly='false'\r\n                                      data-rater-nonce='400f5574a0'\r\n                                      data-issingular='false'\r\n                                    ><\/div><div class=\"yasr-vv-stats-text-container\" id=\"yasr-vv-stats-text-container-958a862ccf9a5\"><svg xmlns=\"https:\/\/www.w3.org\/2000\/svg\" width=\"20\" height=\"20\"\r\n                                   class=\"yasr-dashicons-visitor-stats\"\r\n                                   data-postid=\"24089\"\r\n                                   id=\"yasr-stats-dashicon-958a862ccf9a5\">\r\n                                   <path d=\"M18 18v-16h-4v16h4zM12 18v-11h-4v11h4zM6 18v-8h-4v8h4z\"><\/path>\r\n                               <\/svg><span id=\"yasr-vv-text-container-958a862ccf9a5\" class=\"yasr-vv-text-container\">[Total: <span id=\"yasr-vv-votes-number-container-958a862ccf9a5\">1<\/span>  Average: <span id=\"yasr-vv-average-container-958a862ccf9a5\">5<\/span>]<\/span><\/div><div id='yasr-vv-loader-958a862ccf9a5' class='yasr-vv-container-loader'><\/div><\/div><div id='yasr-vv-bottom-container-958a862ccf9a5' class='yasr-vv-bottom-container'><\/div><\/div><!--End Yasr Visitor Votes Shortcode-->\n<p>[\/et_pb_text][\/et_pb_column][\/et_pb_row][\/et_pb_section]<\/p>\n<div style='text-align:left' class='yasr-auto-insert-visitor'><!--Yasr Visitor Votes Shortcode--><div id='yasr_visitor_votes_3c56a68a59f89' class='yasr-visitor-votes'><div class=\"yasr-custom-text-vv-before yasr-custom-text-vv-before-24089\">Click to rate this post!<\/div><div id='yasr-vv-second-row-container-3c56a68a59f89'\r\n                                        class='yasr-vv-second-row-container'><div id='yasr-visitor-votes-rater-3c56a68a59f89'\r\n                                      class='yasr-rater-stars-vv'\r\n                                      data-rater-postid='24089'\r\n                                      data-rating='5'\r\n                                      data-rater-starsize='32'\r\n                                      data-rater-readonly='false'\r\n                                      data-rater-nonce='400f5574a0'\r\n                                      data-issingular='false'\r\n                                    ><\/div><div class=\"yasr-vv-stats-text-container\" id=\"yasr-vv-stats-text-container-3c56a68a59f89\"><svg xmlns=\"https:\/\/www.w3.org\/2000\/svg\" width=\"20\" height=\"20\"\r\n                                   class=\"yasr-dashicons-visitor-stats\"\r\n                                   data-postid=\"24089\"\r\n                                   id=\"yasr-stats-dashicon-3c56a68a59f89\">\r\n                                   <path d=\"M18 18v-16h-4v16h4zM12 18v-11h-4v11h4zM6 18v-8h-4v8h4z\"><\/path>\r\n                               <\/svg><span id=\"yasr-vv-text-container-3c56a68a59f89\" class=\"yasr-vv-text-container\">[Total: <span id=\"yasr-vv-votes-number-container-3c56a68a59f89\">1<\/span>  Average: <span id=\"yasr-vv-average-container-3c56a68a59f89\">5<\/span>]<\/span><\/div><div id='yasr-vv-loader-3c56a68a59f89' class='yasr-vv-container-loader'><\/div><\/div><div id='yasr-vv-bottom-container-3c56a68a59f89' class='yasr-vv-bottom-container'><\/div><\/div><!--End Yasr Visitor Votes Shortcode--><\/div>","protected":false},"excerpt":{"rendered":"<p>Pr&ecirc;t d&rsquo;argent &agrave; GatineauVous avez besoin d\u2019un pr\u00eat d\u2019argent \u00e0 Gatineau? Faites appel \u00e0 notre entreprise d\u00e8s maintenant. Nos pr\u00eats sont octroy\u00e9s en 24 heures et aucune enqu\u00eate de cr\u00e9dit n&#8217;est n\u00e9cessaire. Cash D\u00e9p\u00f4t offre des pr\u00eats personnels dont le montant varie entre 300 et 3000 dollars. D\u00e9couvrez les diff\u00e9rents services que nous offrons.Pr\u00eat d\u2019argent [&hellip;]<\/p>\n","protected":false},"author":5,"featured_media":0,"parent":0,"menu_order":0,"comment_status":"closed","ping_status":"closed","template":"","meta":{"_et_pb_use_builder":"on","_et_pb_old_content":"","_et_gb_content_width":"","yasr_overall_rating":0,"yasr_post_is_review":"","yasr_auto_insert_disabled":"","yasr_review_type":"","footnotes":""},"yasr_visitor_votes":{"stars_attributes":{"read_only":false,"span_bottom":false},"number_of_votes":1,"sum_votes":5},"_links":{"self":[{"href":"https:\/\/dev21.cash-depot.ca\/fr\/wp-json\/wp\/v2\/pages\/24089"}],"collection":[{"href":"https:\/\/dev21.cash-depot.ca\/fr\/wp-json\/wp\/v2\/pages"}],"about":[{"href":"https:\/\/dev21.cash-depot.ca\/fr\/wp-json\/wp\/v2\/types\/page"}],"author":[{"embeddable":true,"href":"https:\/\/dev21.cash-depot.ca\/fr\/wp-json\/wp\/v2\/users\/5"}],"replies":[{"embeddable":true,"href":"https:\/\/dev21.cash-depot.ca\/fr\/wp-json\/wp\/v2\/comments?post=24089"}],"version-history":[{"count":5,"href":"https:\/\/dev21.cash-depot.ca\/fr\/wp-json\/wp\/v2\/pages\/24089\/revisions"}],"predecessor-version":[{"id":24147,"href":"https:\/\/dev21.cash-depot.ca\/fr\/wp-json\/wp\/v2\/pages\/24089\/revisions\/24147"}],"wp:attachment":[{"href":"https:\/\/dev21.cash-depot.ca\/fr\/wp-json\/wp\/v2\/media?parent=24089"}],"curies":[{"name":"wp","href":"https:\/\/api.w.org\/{rel}","templated":true}]}}