{"id":23392,"date":"2020-12-30T14:10:41","date_gmt":"2020-12-30T14:10:41","guid":{"rendered":"http:\/\/dev21.cash-depot.ca\/pret-sur-salaire\/"},"modified":"2021-04-27T12:42:50","modified_gmt":"2021-04-27T12:42:50","slug":"pret-sur-salaire","status":"publish","type":"page","link":"https:\/\/dev21.cash-depot.ca\/fr\/pret-sur-salaire\/","title":{"rendered":"Pret sur salaire"},"content":{"rendered":"<p>[et_pb_section fb_built=&#8221;1&#8243; _builder_version=&#8221;4.7.7&#8243; _module_preset=&#8221;default&#8221; background_image=&#8221;http:\/\/dev21.cash-depot.ca\/wp-content\/uploads\/2020\/12\/paydaynostrs.jpg&#8221; custom_padding=&#8221;100px||100px||true|false&#8221;][et_pb_row _builder_version=&#8221;4.7.7&#8243; _module_preset=&#8221;default&#8221;][et_pb_column type=&#8221;4_4&#8243; _builder_version=&#8221;4.7.7&#8243; _module_preset=&#8221;default&#8221;][et_pb_text _builder_version=&#8221;4.7.7&#8243; _module_preset=&#8221;default&#8221; header_font=&#8221;Poppins||||||||&#8221; header_text_color=&#8221;#000000&#8243; header_font_size=&#8221;40px&#8221; header_line_height=&#8221;1.2em&#8221; header_text_shadow_style=&#8221;preset3&#8243; header_text_shadow_color=&#8221;#ffffff&#8221;]<\/p>\n<h1>Pr\u00eats sur salaire en ligne et partout au Canada<\/h1>\n<p>[\/et_pb_text][\/et_pb_column][\/et_pb_row][\/et_pb_section][et_pb_section fb_built=&#8221;1&#8243; _builder_version=&#8221;4.7.7&#8243; _module_preset=&#8221;default&#8221; custom_padding=&#8221;20px||20px||true|false&#8221;][et_pb_row column_structure=&#8221;1_2,1_2&#8243; _builder_version=&#8221;4.7.7&#8243; _module_preset=&#8221;default&#8221;][et_pb_column type=&#8221;1_2&#8243; _builder_version=&#8221;4.7.7&#8243; _module_preset=&#8221;default&#8221;][et_pb_text _builder_version=&#8221;4.9.2&#8243; _module_preset=&#8221;default&#8221; text_text_color=&#8221;#000000&#8243; header_3_font=&#8221;|700|||||||&#8221; hover_enabled=&#8221;0&#8243; sticky_enabled=&#8221;0&#8243;]<\/p>\n<p>Tout le monde s\u2019est un jour ou l\u2019autre retrouv\u00e9 \u00e0 devoir payer des d\u00e9penses urgentes et inattendues telle qu\u2019une importante facture, des frais m\u00e9dicaux non rembours\u00e9s ou une r\u00e9paration de voiture urgente. Avec la conjoncture particuli\u00e8rement difficile, la tr\u00e9sorerie est tendue et il est souvent n\u00e9cessaire dans ce type de situation de devoir faire un emprunt.<\/p>\n<p>Mais voil\u00e0, quand on a un besoin d\u2019argent urgent, il est quasiment impossible d\u2019obtenir rapidement un pr\u00eat aupr\u00e8s d\u2019une institution bancaire traditionnelle : non seulement il est n\u00e9cessaire d\u2019avoir une bonne cote de cr\u00e9dit pour d\u00e9crocher un pr\u00eat sur salaire, mais en plus il faut pouvoir attendre des jours voire des semaines pour toucher l\u2019argent.<\/p>\n<p>En cas d\u2019urgence, mieux vaut s\u2019adresser \u00e0 Cash Depot en faisant une demande de pr\u00eat sur salaire en ligne.<\/p>\n<p>[\/et_pb_text][\/et_pb_column][et_pb_column type=&#8221;1_2&#8243; _builder_version=&#8221;4.7.7&#8243; _module_preset=&#8221;default&#8221;][et_pb_text _builder_version=&#8221;4.9.2&#8243; _module_preset=&#8221;default&#8221; header_3_font=&#8221;|700|||||||&#8221; hover_enabled=&#8221;0&#8243; sticky_enabled=&#8221;0&#8243;]<\/p>\n<h2><span style=\"color: #000000;\"><b>Les pr\u00eats sur salaire en ligne, parfaits pour les urgences<\/b><\/span><\/h2>\n<p><span style=\"color: #000000;\">Parce que nous savons combien il est important pour vous d\u2019obtenir de l\u2019argent rapidement lorsque vous devez payer des d\u00e9penses impr\u00e9vues et urgentes, nous traitons votre dossier en priorit\u00e9.<\/span><\/p>\n<p><span style=\"color: #000000;\">Nous savons que les d\u00e9marches pour d\u00e9crocher un pr\u00eat sur salaire dans les \u00e9tablissements bancaires classiques sont trop longues et que les conditions d\u2019obtention sont drastiques.<\/span><\/p>\n<p><span style=\"color: #000000;\">C\u2019est pourquoi nous nous engageons \u00e0 vous recontacter dans l\u2019heure qui suit le d\u00e9p\u00f4t de votre dossier \u00e0 condition que nous le recevions pendant nos heures ouvr\u00e9es.<\/span><\/p>\n<p><span style=\"color: #000000;\">Si votre formulaire de demande en ligne est envoy\u00e9 avant 11 heures, vos fonds sont au cr\u00e9dit de votre compte le jour m\u00eame. Dans le cas o\u00f9 votre demande nous parvient apr\u00e8s 11 heures, nous versons le montant du pr\u00eat sur votre compte dans les 24 heures qui suivent.<\/span><\/p>\n<p><span style=\"color: #000000;\">Chez Cash Depot, nous ne nous basons pas sur votre pass\u00e9 pour votre pr\u00eater de l\u2019argent, que votre demande porte sur une<a style=\"color: #000000;\" href=\"https:\/\/dev21.cash-depot.ca\/fr\/avance-de-fonds\/\"> avance de fonds<\/a> ou un pr\u00eat d\u2019argent rapide : pour vous donner une r\u00e9ponse, nous analysons votre situation actuelle et nous v\u00e9rifions que vous \u00eates en mesure de rembourser votre nouveau pr\u00eat.<\/span><\/p>\n<p>[\/et_pb_text][\/et_pb_column][\/et_pb_row][\/et_pb_section][et_pb_section fb_built=&#8221;1&#8243; _builder_version=&#8221;4.7.7&#8243; _module_preset=&#8221;default&#8221; background_color=&#8221;#efefef&#8221;][et_pb_row _builder_version=&#8221;4.7.7&#8243; _module_preset=&#8221;default&#8221;][et_pb_column type=&#8221;4_4&#8243; _builder_version=&#8221;4.7.7&#8243; _module_preset=&#8221;default&#8221;][et_pb_text _builder_version=&#8221;4.9.2&#8243; _module_preset=&#8221;default&#8221; header_3_font=&#8221;|700|||||||&#8221; hover_enabled=&#8221;0&#8243; sticky_enabled=&#8221;0&#8243;]<\/p>\n<h2><b>Un pr\u00eat sur salaire sans enqu\u00eate de cr\u00e9dit<\/b><\/h2>\n<p>Si vos revenus sont suffisants et que le fait de contracter un pr\u00eat sur salaire ne risque pas de vous mettre en surendettement, alors vous n\u2019avez pas \u00e0 craindre d\u2019essuyer un refus de pr\u00eat. Les crit\u00e8res d\u2019\u00e9ligibilit\u00e9 auxquels vous devez satisfaire pour d\u00e9crocher un pr\u00eat sur salaire chez Cash Depot sont tr\u00e8s simples :<\/p>\n<ul>\n<li>\u00a0 travailler \u00e0 temps plein depuis au moins 6 mois ;<\/li>\n<li>\u00a0 r\u00e9sider \u00e0 la m\u00eame adresse depuis au minimum 6 mois ;<\/li>\n<li>\u00a0 avoir un compte-ch\u00e8ques ouvert depuis plus de 3 mois ;<\/li>\n<li>\u00a0 ne pas faire l\u2019objet d\u2019une saisie sur salaire ;<\/li>\n<li>\u00a0 ne pas vous trouver en situation de faillite.<\/li>\n<\/ul>\n<p>\u00a0En effet, s\u2019agissant d\u2019un<a href=\"https:\/\/dev21.cash-depot.ca\/fr\/prets-sans-enquete-de-credit\/\"> pr\u00eat sans enqu\u00eate de cr\u00e9dit<\/a>, votre demande ne sera pas refus\u00e9e si vous avez un mauvais score de cr\u00e9dit.<\/p>\n<p>Si vous avez besoin de conseils, nos experts exp\u00e9riment\u00e9s sont \u00e0 votre disposition pour r\u00e9pondre \u00e0 l\u2019ensemble de vos questions.<\/p>\n<p>[\/et_pb_text][\/et_pb_column][\/et_pb_row][et_pb_row _builder_version=&#8221;4.7.7&#8243; _module_preset=&#8221;default&#8221; locked=&#8221;off&#8221;][et_pb_column type=&#8221;4_4&#8243; _builder_version=&#8221;4.7.7&#8243; _module_preset=&#8221;default&#8221;][et_pb_text _builder_version=&#8221;4.7.7&#8243; _module_preset=&#8221;default&#8221;]<\/p>\n<!--Yasr Visitor Votes Shortcode--><div id='yasr_visitor_votes_748c16d9a9d01' class='yasr-visitor-votes'><div class=\"yasr-custom-text-vv-before yasr-custom-text-vv-before-23392\">Click to rate this post!<\/div><div id='yasr-vv-second-row-container-748c16d9a9d01'\r\n                                        class='yasr-vv-second-row-container'><div id='yasr-visitor-votes-rater-748c16d9a9d01'\r\n                                      class='yasr-rater-stars-vv'\r\n                                      data-rater-postid='23392'\r\n                                      data-rating='2.9'\r\n                                      data-rater-starsize='32'\r\n                                      data-rater-readonly='false'\r\n                                      data-rater-nonce='9cf9edcd2c'\r\n                                      data-issingular='false'\r\n                                    ><\/div><div class=\"yasr-vv-stats-text-container\" id=\"yasr-vv-stats-text-container-748c16d9a9d01\"><svg xmlns=\"https:\/\/www.w3.org\/2000\/svg\" width=\"20\" height=\"20\"\r\n                                   class=\"yasr-dashicons-visitor-stats\"\r\n                                   data-postid=\"23392\"\r\n                                   id=\"yasr-stats-dashicon-748c16d9a9d01\">\r\n                                   <path d=\"M18 18v-16h-4v16h4zM12 18v-11h-4v11h4zM6 18v-8h-4v8h4z\"><\/path>\r\n                               <\/svg><span id=\"yasr-vv-text-container-748c16d9a9d01\" class=\"yasr-vv-text-container\">[Total: <span id=\"yasr-vv-votes-number-container-748c16d9a9d01\">8<\/span>  Average: <span id=\"yasr-vv-average-container-748c16d9a9d01\">2.9<\/span>]<\/span><\/div><div id='yasr-vv-loader-748c16d9a9d01' class='yasr-vv-container-loader'><\/div><\/div><div id='yasr-vv-bottom-container-748c16d9a9d01' class='yasr-vv-bottom-container'><\/div><\/div><!--End Yasr Visitor Votes Shortcode-->\n<p>[\/et_pb_text][\/et_pb_column][\/et_pb_row][\/et_pb_section]<\/p>\n<div style='text-align:left' class='yasr-auto-insert-visitor'><!--Yasr Visitor Votes Shortcode--><div id='yasr_visitor_votes_10ae069dd0297' class='yasr-visitor-votes'><div class=\"yasr-custom-text-vv-before yasr-custom-text-vv-before-23392\">Click to rate this post!<\/div><div id='yasr-vv-second-row-container-10ae069dd0297'\r\n                                        class='yasr-vv-second-row-container'><div id='yasr-visitor-votes-rater-10ae069dd0297'\r\n                                      class='yasr-rater-stars-vv'\r\n                                      data-rater-postid='23392'\r\n                                      data-rating='2.9'\r\n                                      data-rater-starsize='32'\r\n                                      data-rater-readonly='false'\r\n                                      data-rater-nonce='9cf9edcd2c'\r\n                                      data-issingular='false'\r\n                                    ><\/div><div class=\"yasr-vv-stats-text-container\" id=\"yasr-vv-stats-text-container-10ae069dd0297\"><svg xmlns=\"https:\/\/www.w3.org\/2000\/svg\" width=\"20\" height=\"20\"\r\n                                   class=\"yasr-dashicons-visitor-stats\"\r\n                                   data-postid=\"23392\"\r\n                                   id=\"yasr-stats-dashicon-10ae069dd0297\">\r\n                                   <path d=\"M18 18v-16h-4v16h4zM12 18v-11h-4v11h4zM6 18v-8h-4v8h4z\"><\/path>\r\n                               <\/svg><span id=\"yasr-vv-text-container-10ae069dd0297\" class=\"yasr-vv-text-container\">[Total: <span id=\"yasr-vv-votes-number-container-10ae069dd0297\">8<\/span>  Average: <span id=\"yasr-vv-average-container-10ae069dd0297\">2.9<\/span>]<\/span><\/div><div id='yasr-vv-loader-10ae069dd0297' class='yasr-vv-container-loader'><\/div><\/div><div id='yasr-vv-bottom-container-10ae069dd0297' class='yasr-vv-bottom-container'><\/div><\/div><!--End Yasr Visitor Votes Shortcode--><\/div>","protected":false},"excerpt":{"rendered":"<p>Pr\u00eats sur salaire en ligne et partout au CanadaTout le monde s\u2019est un jour ou l\u2019autre retrouv\u00e9 \u00e0 devoir payer des d\u00e9penses urgentes et inattendues telle qu\u2019une importante facture, des frais m\u00e9dicaux non rembours\u00e9s ou une r\u00e9paration de voiture urgente. Avec la conjoncture particuli\u00e8rement difficile, la tr\u00e9sorerie est tendue et il est souvent n\u00e9cessaire dans [&hellip;]<\/p>\n","protected":false},"author":1,"featured_media":28189,"parent":0,"menu_order":0,"comment_status":"closed","ping_status":"closed","template":"","meta":{"_et_pb_use_builder":"on","_et_pb_old_content":"","_et_gb_content_width":"","yasr_overall_rating":0,"yasr_post_is_review":"","yasr_auto_insert_disabled":"","yasr_review_type":"","footnotes":""},"yasr_visitor_votes":{"stars_attributes":{"read_only":false,"span_bottom":false},"number_of_votes":8,"sum_votes":23},"_links":{"self":[{"href":"https:\/\/dev21.cash-depot.ca\/fr\/wp-json\/wp\/v2\/pages\/23392"}],"collection":[{"href":"https:\/\/dev21.cash-depot.ca\/fr\/wp-json\/wp\/v2\/pages"}],"about":[{"href":"https:\/\/dev21.cash-depot.ca\/fr\/wp-json\/wp\/v2\/types\/page"}],"author":[{"embeddable":true,"href":"https:\/\/dev21.cash-depot.ca\/fr\/wp-json\/wp\/v2\/users\/1"}],"replies":[{"embeddable":true,"href":"https:\/\/dev21.cash-depot.ca\/fr\/wp-json\/wp\/v2\/comments?post=23392"}],"version-history":[{"count":8,"href":"https:\/\/dev21.cash-depot.ca\/fr\/wp-json\/wp\/v2\/pages\/23392\/revisions"}],"predecessor-version":[{"id":23893,"href":"https:\/\/dev21.cash-depot.ca\/fr\/wp-json\/wp\/v2\/pages\/23392\/revisions\/23893"}],"wp:featuredmedia":[{"embeddable":true,"href":"https:\/\/dev21.cash-depot.ca\/fr\/wp-json\/wp\/v2\/media\/28189"}],"wp:attachment":[{"href":"https:\/\/dev21.cash-depot.ca\/fr\/wp-json\/wp\/v2\/media?parent=23392"}],"curies":[{"name":"wp","href":"https:\/\/api.w.org\/{rel}","templated":true}]}}