{"id":23342,"date":"2020-12-30T01:03:27","date_gmt":"2020-12-30T01:03:27","guid":{"rendered":"http:\/\/dev21.cash-depot.ca\/faq\/"},"modified":"2021-02-25T16:51:43","modified_gmt":"2021-02-25T16:51:43","slug":"faq","status":"publish","type":"page","link":"https:\/\/dev21.cash-depot.ca\/fr\/faq\/","title":{"rendered":"Faq"},"content":{"rendered":"\n[et_pb_section fb_built=&#8221;1&#8243; _builder_version=&#8221;4.7.7&#8243; _module_preset=&#8221;default&#8221; background_image=&#8221;http:\/\/dev21.cash-depot.ca\/wp-content\/uploads\/2020\/12\/faq.jpg&#8221; custom_padding=&#8221;100px||100px||true|false&#8221;][et_pb_row _builder_version=&#8221;4.8.2&#8243; _module_preset=&#8221;default&#8221; hover_enabled=&#8221;0&#8243; sticky_enabled=&#8221;0&#8243;][et_pb_column type=&#8221;4_4&#8243; _builder_version=&#8221;4.7.7&#8243; _module_preset=&#8221;default&#8221;][et_pb_text _builder_version=&#8221;4.7.7&#8243; _module_preset=&#8221;default&#8221; header_font=&#8221;Poppins||||||||&#8221; header_text_color=&#8221;#ffffff&#8221; header_font_size=&#8221;40px&#8221;]<h1>FAQ<\/h1>[\/et_pb_text][\/et_pb_column][\/et_pb_row][\/et_pb_section][et_pb_section fb_built=&#8221;1&#8243; admin_label=&#8221;FAQ&#8221; _builder_version=&#8221;4.7.7&#8243; custom_padding=&#8221;20px|0px|20px|0px|true|false&#8221;][et_pb_row column_structure=&#8221;1_2,1_2&#8243; _builder_version=&#8221;4.7.7&#8243; background_size=&#8221;initial&#8221; background_position=&#8221;top_left&#8221; background_repeat=&#8221;repeat&#8221; custom_padding=&#8221;40px|0px|40px|0px&#8221;][et_pb_column type=&#8221;1_2&#8243; _builder_version=&#8221;3.25&#8243; custom_padding=&#8221;|||&#8221; custom_padding__hover=&#8221;|||&#8221;][et_pb_text admin_label=&#8221;1&#8243; _builder_version=&#8221;4.8.2&#8243; text_font=&#8221;Roboto|300|||||||&#8221; text_text_color=&#8221;#000000&#8243; text_font_size=&#8221;15px&#8221; text_line_height=&#8221;1.8em&#8221; header_font=&#8221;Poppins|600|||||||&#8221; header_text_color=&#8221;#000000&#8243; header_font_size=&#8221;20px&#8221; header_line_height=&#8221;1.4em&#8221; background_size=&#8221;initial&#8221; background_position=&#8221;top_left&#8221; background_repeat=&#8221;repeat&#8221; max_width=&#8221;710px&#8221; module_alignment=&#8221;center&#8221; hover_enabled=&#8221;0&#8243; sticky_enabled=&#8221;0&#8243;]<h2>QU\u2019EST-CE QU\u2019UNE AVANCE D\u2019ARGENT?<\/h2>\n<p>Une avance d\u2019argent est un pr\u00eat \u00e0 court terme souvent utilis\u00e9 pour couvrir des d\u00e9penses inattendues, des p\u00e9nalit\u00e9s de retard, des ch\u00e8ques sans provision et des urgences. Les pr\u00eats \u00e0 court terme sont efficaces lorsqu\u2019on est confront\u00e9 \u00e0 des situations financi\u00e8res imm\u00e9diates, mais ils ne sont pas cens\u00e9s agir comme des solutions \u00e0 long terme.<\/p>[\/et_pb_text][\/et_pb_column][et_pb_column type=&#8221;1_2&#8243; _builder_version=&#8221;3.25&#8243; custom_padding=&#8221;|||&#8221; custom_padding__hover=&#8221;|||&#8221;][et_pb_text admin_label=&#8221;1&#8243; _builder_version=&#8221;4.8.2&#8243; text_font=&#8221;Roboto|300|||||||&#8221; text_text_color=&#8221;#000000&#8243; text_font_size=&#8221;15px&#8221; text_line_height=&#8221;1.8em&#8221; header_font=&#8221;Poppins|600|||||||&#8221; header_text_color=&#8221;#000000&#8243; header_font_size=&#8221;20px&#8221; header_line_height=&#8221;1.4em&#8221; background_size=&#8221;initial&#8221; background_position=&#8221;top_left&#8221; background_repeat=&#8221;repeat&#8221; max_width=&#8221;710px&#8221; module_alignment=&#8221;center&#8221; hover_enabled=&#8221;0&#8243; sticky_enabled=&#8221;0&#8243;]<h2>QUELLES SONT LES CONDITIONS N\u00c9CESSAIRES POUR OBTENIR UNE AVANCE D\u2019ARGENT?<\/h2>\n<div id=\"ui-id-4\" class=\"row-fluid ui-accordion-content ui-helper-reset ui-widget-content ui-corner-bottom ui-accordion-content-active\" style=\"display: block;\" role=\"tabpanel\" aria-labelledby=\"ui-id-3\" aria-hidden=\"false\">\n<section class=\"row \">\n<div class=\"spb_content_element col-sm-12 spb_text_column\">\n<div class=\"spb-asset-content\" style=\"margin-top: 0px; margin-bottom: 0px;\">\n<div id=\"ui-accordion-1-panel-1\" class=\"accordion_content no_icon ui-accordion-content ui-helper-reset ui-widget-content ui-corner-bottom ui-accordion-content-active\">\n<div class=\"accordion_content_inner\">\n<div class=\"wpb_text_column wpb_content_element \">\n<div class=\"wpb_wrapper\">\n<p>Bien que l\u2019obtention d\u2019une avance d\u2019argent soit plus facile que celle d\u2019un pr\u00eat bancaire, nous demandons tout de m\u00eame que nos clients remplissent les crit\u00e8res suivants :<\/p>\n<ul>\n<li>nous fournir un compte ch\u00e8que valide depuis au moins 3 mois<\/li>\n<li>avoir un travail \u00e0 temps complet depuis au moins 6 mois<\/li>\n<li>r\u00e9sider \u00e0 la m\u00eame adresse depuis au moins 6 mois<\/li>\n<li>\u00eatre pay\u00e9 par ch\u00e8que ou par d\u00e9p\u00f4t direct<\/li>\n<li>ne pas \u00eatre en faillite ou ne pas faire l\u2019objet de saisie sur salaire.<\/li>\n<\/ul>\n<\/div>\n<\/div>\n<\/div>\n<\/div>\n<\/div>\n<\/div>\n<\/section>\n<\/div>\n<p>&nbsp;<\/p>[\/et_pb_text][\/et_pb_column][\/et_pb_row][et_pb_row column_structure=&#8221;1_2,1_2&#8243; _builder_version=&#8221;3.25&#8243; background_size=&#8221;initial&#8221; background_position=&#8221;top_left&#8221; background_repeat=&#8221;repeat&#8221; custom_padding=&#8221;40px|0px|40px|0px&#8221;][et_pb_column type=&#8221;1_2&#8243; _builder_version=&#8221;3.25&#8243; custom_padding=&#8221;|||&#8221; custom_padding__hover=&#8221;|||&#8221;][et_pb_text admin_label=&#8221;1&#8243; _builder_version=&#8221;4.8.2&#8243; text_font=&#8221;Roboto|300|||||||&#8221; text_text_color=&#8221;#000000&#8243; text_font_size=&#8221;15px&#8221; text_line_height=&#8221;1.8em&#8221; header_font=&#8221;Poppins|600|||||||&#8221; header_text_color=&#8221;#000000&#8243; header_font_size=&#8221;20px&#8221; header_line_height=&#8221;1.4em&#8221; background_size=&#8221;initial&#8221; background_position=&#8221;top_left&#8221; background_repeat=&#8221;repeat&#8221; max_width=&#8221;710px&#8221; module_alignment=&#8221;center&#8221; hover_enabled=&#8221;0&#8243; sticky_enabled=&#8221;0&#8243;]<h2>JE SUIS UN ENTREPRENEUR. PUIS-JE D\u00c9POSER UNE DEMANDE D\u2019AVANCE D\u2019ARGENT?<\/h2>\n<p>Nous acceptons uniquement les demandeurs qui re\u00e7oivent leur salaire par d\u00e9p\u00f4t direct.<\/p>[\/et_pb_text][\/et_pb_column][et_pb_column type=&#8221;1_2&#8243; _builder_version=&#8221;3.25&#8243; custom_padding=&#8221;|||&#8221; custom_padding__hover=&#8221;|||&#8221;][et_pb_text admin_label=&#8221;1&#8243; _builder_version=&#8221;4.8.2&#8243; text_font=&#8221;Roboto|300|||||||&#8221; text_text_color=&#8221;#000000&#8243; text_font_size=&#8221;15px&#8221; text_line_height=&#8221;1.8em&#8221; header_font=&#8221;Poppins|600|||||||&#8221; header_text_color=&#8221;#000000&#8243; header_font_size=&#8221;20px&#8221; header_line_height=&#8221;1.4em&#8221; background_size=&#8221;initial&#8221; background_position=&#8221;top_left&#8221; background_repeat=&#8221;repeat&#8221; max_width=&#8221;710px&#8221; module_alignment=&#8221;center&#8221; hover_enabled=&#8221;0&#8243; sticky_enabled=&#8221;0&#8243;]<h2>QUELLE SOMME D\u2019ARGENT SUIS-JE AUTORIS\u00c9 \u00c0 EMPRUNTER?<\/h2>\n<p>Nous pouvons fournir des avances d\u2019argent allant de 300 $ \u00e0 3000 $.<\/p>[\/et_pb_text][\/et_pb_column][\/et_pb_row][et_pb_row column_structure=&#8221;1_2,1_2&#8243; _builder_version=&#8221;3.25&#8243; background_size=&#8221;initial&#8221; background_position=&#8221;top_left&#8221; background_repeat=&#8221;repeat&#8221; custom_padding=&#8221;40px|0px||0px&#8221;][et_pb_column type=&#8221;1_2&#8243; _builder_version=&#8221;3.25&#8243; custom_padding=&#8221;|||&#8221; custom_padding__hover=&#8221;|||&#8221;][et_pb_text admin_label=&#8221;1&#8243; _builder_version=&#8221;4.8.2&#8243; text_font=&#8221;Roboto|300|||||||&#8221; text_text_color=&#8221;#000000&#8243; text_font_size=&#8221;15px&#8221; text_line_height=&#8221;1.8em&#8221; header_font=&#8221;Poppins|600|||||||&#8221; header_text_color=&#8221;#000000&#8243; header_font_size=&#8221;20px&#8221; header_line_height=&#8221;1.4em&#8221; background_size=&#8221;initial&#8221; background_position=&#8221;top_left&#8221; background_repeat=&#8221;repeat&#8221; max_width=&#8221;710px&#8221; module_alignment=&#8221;center&#8221; hover_enabled=&#8221;0&#8243; sticky_enabled=&#8221;0&#8243;]<h2>QUAND LES FONDS ARRIVERONT-ILS?<\/h2>\n<p>Si vous remplissez et envoyez le formulaire en ligne avant 11 h, les fonds seront d\u00e9pos\u00e9s sur votre compte le m\u00eame jour. Pour toutes les autres demandes envoy\u00e9es apr\u00e8s 11 h, les fonds seront envoy\u00e9s dans les 24 heures qui suivent.<\/p>[\/et_pb_text][\/et_pb_column][et_pb_column type=&#8221;1_2&#8243; _builder_version=&#8221;3.25&#8243; custom_padding=&#8221;|||&#8221; custom_padding__hover=&#8221;|||&#8221;][et_pb_text admin_label=&#8221;1&#8243; _builder_version=&#8221;4.8.2&#8243; text_font=&#8221;Roboto|300|||||||&#8221; text_text_color=&#8221;#000000&#8243; text_font_size=&#8221;15px&#8221; text_line_height=&#8221;1.8em&#8221; header_font=&#8221;Poppins|600|||||||&#8221; header_text_color=&#8221;#000000&#8243; header_font_size=&#8221;20px&#8221; header_line_height=&#8221;1.4em&#8221; background_size=&#8221;initial&#8221; background_position=&#8221;top_left&#8221; background_repeat=&#8221;repeat&#8221; max_width=&#8221;710px&#8221; module_alignment=&#8221;center&#8221; hover_enabled=&#8221;0&#8243; sticky_enabled=&#8221;0&#8243;]<h2>QUELS DOCUMENTS AI-JE BESOIN DE FAXER?<\/h2>\n<div id=\"ui-id-12\" class=\"row-fluid ui-accordion-content ui-helper-reset ui-widget-content ui-corner-bottom ui-accordion-content-active\" style=\"display: block;\" role=\"tabpanel\" aria-labelledby=\"ui-id-11\" aria-hidden=\"false\">\n<section class=\"row \">\n<div class=\"spb_content_element col-sm-12 spb_text_column\">\n<div class=\"spb-asset-content\" style=\"margin-top: 0px; margin-bottom: 0px;\">\n<div id=\"ui-accordion-1-panel-5\" class=\"accordion_content no_icon ui-accordion-content ui-helper-reset ui-widget-content ui-corner-bottom ui-accordion-content-active\">\n<div class=\"accordion_content_inner\">\n<div class=\"wpb_text_column wpb_content_element \">\n<div class=\"wpb_wrapper\">\n<p><strong>Veuillez r\u00e9unir les documents suivants:<\/strong><\/p>\n<ul>\n<li>Deux pi\u00e8ces d\u2019identit\u00e9 avec photo et une preuve de votre num\u00e9ro d\u2019assurance social<\/li>\n<li>Une preuve d\u2019adresse (facture de service)<\/li>\n<li>MVos deux derniers talon de paie<\/li>\n<li>Un sp\u00e9cimen de ch\u00e8que \u2013 Formulaire de d\u00e9bit pr\u00e9 autoris\u00e9<\/li>\n<li>Les 90 derniers jours de votre relev\u00e9 bancaire<\/li>\n<\/ul>\n<\/div>\n<\/div>\n<\/div>\n<\/div>\n<\/div>\n<\/div>\n<\/section>\n<\/div>\n<p>&nbsp;<\/p>[\/et_pb_text][\/et_pb_column][\/et_pb_row][\/et_pb_section]\n<div style='text-align:left' class='yasr-auto-insert-visitor'><!--Yasr Visitor Votes Shortcode--><div id='yasr_visitor_votes_cf95b46c59cd7' class='yasr-visitor-votes'><div class=\"yasr-custom-text-vv-before yasr-custom-text-vv-before-23342\">Click to rate this post!<\/div><div id='yasr-vv-second-row-container-cf95b46c59cd7'\r\n                                        class='yasr-vv-second-row-container'><div id='yasr-visitor-votes-rater-cf95b46c59cd7'\r\n                                      class='yasr-rater-stars-vv'\r\n                                      data-rater-postid='23342'\r\n                                      data-rating='0'\r\n                                      data-rater-starsize='32'\r\n                                      data-rater-readonly='false'\r\n                                      data-rater-nonce='028f6ff08f'\r\n                                      data-issingular='false'\r\n                                    ><\/div><div class=\"yasr-vv-stats-text-container\" id=\"yasr-vv-stats-text-container-cf95b46c59cd7\"><svg xmlns=\"https:\/\/www.w3.org\/2000\/svg\" width=\"20\" height=\"20\"\r\n                                   class=\"yasr-dashicons-visitor-stats\"\r\n                                   data-postid=\"23342\"\r\n                                   id=\"yasr-stats-dashicon-cf95b46c59cd7\">\r\n                                   <path d=\"M18 18v-16h-4v16h4zM12 18v-11h-4v11h4zM6 18v-8h-4v8h4z\"><\/path>\r\n                               <\/svg><span id=\"yasr-vv-text-container-cf95b46c59cd7\" class=\"yasr-vv-text-container\">[Total: <span id=\"yasr-vv-votes-number-container-cf95b46c59cd7\">0<\/span>  Average: <span id=\"yasr-vv-average-container-cf95b46c59cd7\">0<\/span>]<\/span><\/div><div id='yasr-vv-loader-cf95b46c59cd7' class='yasr-vv-container-loader'><\/div><\/div><div id='yasr-vv-bottom-container-cf95b46c59cd7' class='yasr-vv-bottom-container'><\/div><\/div><!--End Yasr Visitor Votes Shortcode--><\/div>","protected":false},"excerpt":{"rendered":"<p>FAQQU\u2019EST-CE QU\u2019UNE AVANCE D\u2019ARGENT? Une avance d\u2019argent est un pr\u00eat \u00e0 court terme souvent utilis\u00e9 pour couvrir des d\u00e9penses inattendues, des p\u00e9nalit\u00e9s de retard, des ch\u00e8ques sans provision et des urgences. Les pr\u00eats \u00e0 court terme sont efficaces lorsqu\u2019on est confront\u00e9 \u00e0 des situations financi\u00e8res imm\u00e9diates, mais ils ne sont pas cens\u00e9s agir comme des [&hellip;]<\/p>\n","protected":false},"author":1,"featured_media":0,"parent":0,"menu_order":0,"comment_status":"closed","ping_status":"closed","template":"","meta":{"_et_pb_use_builder":"on","_et_pb_old_content":"","_et_gb_content_width":"","yasr_overall_rating":0,"yasr_post_is_review":"","yasr_auto_insert_disabled":"","yasr_review_type":"","footnotes":""},"yasr_visitor_votes":{"stars_attributes":{"read_only":false,"span_bottom":false},"number_of_votes":0,"sum_votes":0},"_links":{"self":[{"href":"https:\/\/dev21.cash-depot.ca\/fr\/wp-json\/wp\/v2\/pages\/23342"}],"collection":[{"href":"https:\/\/dev21.cash-depot.ca\/fr\/wp-json\/wp\/v2\/pages"}],"about":[{"href":"https:\/\/dev21.cash-depot.ca\/fr\/wp-json\/wp\/v2\/types\/page"}],"author":[{"embeddable":true,"href":"https:\/\/dev21.cash-depot.ca\/fr\/wp-json\/wp\/v2\/users\/1"}],"replies":[{"embeddable":true,"href":"https:\/\/dev21.cash-depot.ca\/fr\/wp-json\/wp\/v2\/comments?post=23342"}],"version-history":[{"count":5,"href":"https:\/\/dev21.cash-depot.ca\/fr\/wp-json\/wp\/v2\/pages\/23342\/revisions"}],"predecessor-version":[{"id":23669,"href":"https:\/\/dev21.cash-depot.ca\/fr\/wp-json\/wp\/v2\/pages\/23342\/revisions\/23669"}],"wp:attachment":[{"href":"https:\/\/dev21.cash-depot.ca\/fr\/wp-json\/wp\/v2\/media?parent=23342"}],"curies":[{"name":"wp","href":"https:\/\/api.w.org\/{rel}","templated":true}]}}