{"id":23336,"date":"2020-12-30T00:52:31","date_gmt":"2020-12-30T00:52:31","guid":{"rendered":"http:\/\/dev21.cash-depot.ca\/informations-importantes\/"},"modified":"2020-12-30T17:22:08","modified_gmt":"2020-12-30T17:22:08","slug":"informations-importantes","status":"publish","type":"page","link":"https:\/\/dev21.cash-depot.ca\/fr\/informations-importantes\/","title":{"rendered":"Informations Importantes"},"content":{"rendered":"\n[et_pb_section fb_built=&#8221;1&#8243; _builder_version=&#8221;4.7.7&#8243; _module_preset=&#8221;default&#8221; background_image=&#8221;http:\/\/dev21.cash-depot.ca\/wp-content\/uploads\/2020\/12\/tcs.jpg&#8221; custom_padding=&#8221;100px||100px||true|false&#8221;][et_pb_row _builder_version=&#8221;4.7.7&#8243; _module_preset=&#8221;default&#8221;][et_pb_column type=&#8221;4_4&#8243; _builder_version=&#8221;4.7.7&#8243; _module_preset=&#8221;default&#8221;][et_pb_text _builder_version=&#8221;4.7.7&#8243; _module_preset=&#8221;default&#8221; header_font=&#8221;Poppins||||||||&#8221; header_text_color=&#8221;#000000&#8243; header_font_size=&#8221;40px&#8221; hover_enabled=&#8221;0&#8243; sticky_enabled=&#8221;0&#8243;]<h1>Informations Importantes<\/h1>\n[\/et_pb_text][\/et_pb_column][\/et_pb_row][\/et_pb_section][et_pb_section fb_built=&#8221;1&#8243; _builder_version=&#8221;4.7.7&#8243; _module_preset=&#8221;default&#8221;][et_pb_row _builder_version=&#8221;4.7.7&#8243; _module_preset=&#8221;default&#8221; hover_enabled=&#8221;0&#8243; column_structure=&#8221;1_3,1_3,1_3&#8243; sticky_enabled=&#8221;0&#8243;][et_pb_column type=&#8221;1_3&#8243; _builder_version=&#8221;4.7.7&#8243; _module_preset=&#8221;default&#8221;][et_pb_text _builder_version=&#8221;4.7.7&#8243; _module_preset=&#8221;default&#8221; hover_enabled=&#8221;0&#8243; sticky_enabled=&#8221;0&#8243; header_3_font=&#8221;|700|||||||&#8221;]<h3>Politique de pr\u00eats responsables<\/h3>\r\n<p>Toutes les demandes de pr\u00eats en ligne sont soumises \u00e0 un processus d\u2019analyse et de s\u00e9lection dans le but de s\u2019assurer et confirmer que l\u2019emprunteur a la capacit\u00e9 de rembourser le pr\u00eat. Ceci inclut mais n\u2019est pas limit\u00e9 \u00e0:<\/p>\r\n<ul>\r\n<li>V\u00e9rifier que votre salaire convient \u00e0 nos exigences;<\/li>\r\n<li>V\u00e9rifier que vous n\u2019avez pas une quantit\u00e9 excessive de paiements sans provision \u00e0 votre compte bancaire;<\/li>\r\n<li>D\u00e9terminer la somme de votre engagement pouvant interf\u00e9rer avec votre capacit\u00e9 de rembourser votre pr\u00eat.<\/li>\r\n<\/ul>\r\n<p>Suite \u00e0 cette analyse, si votre dossier respecte tous nos crit\u00e8res, votre demande sera ACCEPT\u00c9E.<\/p>[\/et_pb_text][\/et_pb_column][et_pb_column type=&#8221;1_3&#8243; _builder_version=&#8221;4.7.7&#8243; _module_preset=&#8221;default&#8221; hover_enabled=&#8221;0&#8243; sticky_enabled=&#8221;0&#8243;][et_pb_text _builder_version=&#8221;4.7.7&#8243; _module_preset=&#8221;default&#8221; hover_enabled=&#8221;0&#8243; sticky_enabled=&#8221;0&#8243; header_3_font=&#8221;|700|||||||&#8221;]<h3>Recouvrement responsable<\/h3>\r\n<p>Notre entreprise utilise des pratiques de recouvrement responsable et conforme aux dispositions l\u00e9gales au Canada. Si une difficult\u00e9 survient durant le remboursement de votre pr\u00eat personnel, nos agents au d\u00e9partement du recouvrement prendront avec vous une entente respectant votre capacit\u00e9 de remboursement. Les versements qui ne sont pas effectu\u00e9s accumulent des int\u00e9r\u00eats sur le solde impay\u00e9. L\u2019emprunteur est responsable de tous les frais juridiques engendr\u00e9s par le recouvrement du solde qui est d\u00fb.<\/p>[\/et_pb_text][\/et_pb_column][et_pb_column type=&#8221;1_3&#8243; _builder_version=&#8221;4.7.7&#8243; _module_preset=&#8221;default&#8221;][et_pb_text _builder_version=&#8221;4.7.7&#8243; _module_preset=&#8221;default&#8221; hover_enabled=&#8221;0&#8243; sticky_enabled=&#8221;0&#8243; header_3_font=&#8221;|700|||||||&#8221;]<h3>Paiements manqu\u00e9s et pointage de cr\u00e9dit<\/h3>\r\n<p>Tout paiement refus\u00e9 par votre institution pour fonds insuffisants ou autre entra\u00eenera des frais de 40 $ et sera report\u00e9 \u00e0 la fin de votre contrat. Cette situation n\u2019affectera pas votre pointage de cr\u00e9dit au sein de notre entreprise; votre dossier ne sera jamais rapport\u00e9 aux agences de cr\u00e9dit. En cas d\u2019urgence pour reporter un paiement, vous devez nous t\u00e9l\u00e9phoner 48 heures \u00e0 l\u2019avance; ce d\u00e9lai entra\u00eenera des frais de 40 $, qui seront report\u00e9s \u00e0 la fin du contrat. Les pr\u00eats rembours\u00e9s avec rigueur assurent un excellent service pour un renouvellement futur.<\/p>\r\n<p>&nbsp;<\/p>\n[\/et_pb_text][\/et_pb_column][\/et_pb_row][\/et_pb_section]\n<div style='text-align:left' class='yasr-auto-insert-visitor'><!--Yasr Visitor Votes Shortcode--><div id='yasr_visitor_votes_d86b090f0745a' class='yasr-visitor-votes'><div class=\"yasr-custom-text-vv-before yasr-custom-text-vv-before-23336\">Click to rate this post!<\/div><div id='yasr-vv-second-row-container-d86b090f0745a'\r\n                                        class='yasr-vv-second-row-container'><div id='yasr-visitor-votes-rater-d86b090f0745a'\r\n                                      class='yasr-rater-stars-vv'\r\n                                      data-rater-postid='23336'\r\n                                      data-rating='0'\r\n                                      data-rater-starsize='32'\r\n                                      data-rater-readonly='false'\r\n                                      data-rater-nonce='0f76866ef2'\r\n                                      data-issingular='false'\r\n                                    ><\/div><div class=\"yasr-vv-stats-text-container\" id=\"yasr-vv-stats-text-container-d86b090f0745a\"><svg xmlns=\"https:\/\/www.w3.org\/2000\/svg\" width=\"20\" height=\"20\"\r\n                                   class=\"yasr-dashicons-visitor-stats\"\r\n                                   data-postid=\"23336\"\r\n                                   id=\"yasr-stats-dashicon-d86b090f0745a\">\r\n                                   <path d=\"M18 18v-16h-4v16h4zM12 18v-11h-4v11h4zM6 18v-8h-4v8h4z\"><\/path>\r\n                               <\/svg><span id=\"yasr-vv-text-container-d86b090f0745a\" class=\"yasr-vv-text-container\">[Total: <span id=\"yasr-vv-votes-number-container-d86b090f0745a\">0<\/span>  Average: <span id=\"yasr-vv-average-container-d86b090f0745a\">0<\/span>]<\/span><\/div><div id='yasr-vv-loader-d86b090f0745a' class='yasr-vv-container-loader'><\/div><\/div><div id='yasr-vv-bottom-container-d86b090f0745a' class='yasr-vv-bottom-container'><\/div><\/div><!--End Yasr Visitor Votes Shortcode--><\/div>","protected":false},"excerpt":{"rendered":"<p>Informations Importantes Politique de pr\u00eats responsables Toutes les demandes de pr\u00eats en ligne sont soumises \u00e0 un processus d\u2019analyse et de s\u00e9lection dans le but de s\u2019assurer et confirmer que l\u2019emprunteur a la capacit\u00e9 de rembourser le pr\u00eat. Ceci inclut mais n\u2019est pas limit\u00e9 \u00e0: V\u00e9rifier que votre salaire convient \u00e0 nos exigences; V\u00e9rifier que [&hellip;]<\/p>\n","protected":false},"author":1,"featured_media":0,"parent":0,"menu_order":0,"comment_status":"closed","ping_status":"closed","template":"","meta":{"_et_pb_use_builder":"on","_et_pb_old_content":"","_et_gb_content_width":"","yasr_overall_rating":0,"yasr_post_is_review":"","yasr_auto_insert_disabled":"","yasr_review_type":"","footnotes":""},"yasr_visitor_votes":{"stars_attributes":{"read_only":false,"span_bottom":false},"number_of_votes":0,"sum_votes":0},"_links":{"self":[{"href":"https:\/\/dev21.cash-depot.ca\/fr\/wp-json\/wp\/v2\/pages\/23336"}],"collection":[{"href":"https:\/\/dev21.cash-depot.ca\/fr\/wp-json\/wp\/v2\/pages"}],"about":[{"href":"https:\/\/dev21.cash-depot.ca\/fr\/wp-json\/wp\/v2\/types\/page"}],"author":[{"embeddable":true,"href":"https:\/\/dev21.cash-depot.ca\/fr\/wp-json\/wp\/v2\/users\/1"}],"replies":[{"embeddable":true,"href":"https:\/\/dev21.cash-depot.ca\/fr\/wp-json\/wp\/v2\/comments?post=23336"}],"version-history":[{"count":3,"href":"https:\/\/dev21.cash-depot.ca\/fr\/wp-json\/wp\/v2\/pages\/23336\/revisions"}],"predecessor-version":[{"id":23560,"href":"https:\/\/dev21.cash-depot.ca\/fr\/wp-json\/wp\/v2\/pages\/23336\/revisions\/23560"}],"wp:attachment":[{"href":"https:\/\/dev21.cash-depot.ca\/fr\/wp-json\/wp\/v2\/media?parent=23336"}],"curies":[{"name":"wp","href":"https:\/\/api.w.org\/{rel}","templated":true}]}}